{"id":360,"date":"2014-01-07T20:53:24","date_gmt":"2014-01-07T20:53:24","guid":{"rendered":"http:\/\/www.discoverylanguage.com\/?page_id=360"},"modified":"2014-01-15T20:24:04","modified_gmt":"2014-01-15T20:24:04","slug":"f-a-q","status":"publish","type":"page","link":"http:\/\/www.discoverylanguage.com\/fr\/a-propos\/f-a-q\/","title":{"rendered":"F.A.Q."},"content":{"rendered":"<div class=\"l-submain\"><div class=\"l-submain-h g-html i-cf\"><div class=\"g-cols\"><div class=\"full-width\">\n\t<div class=\"wpb_text_column \">\n\t\t<div class=\"wpb_wrapper\">\n\t\t\t\n<h1><span style=\"color: #00639e;\">F.A.Q.<\/span><\/h1>\n\n\t\t<\/div> \n\t<\/div> <div class=\"g-hr type_invisible\">\n\t\t\t\t\t\t<span class=\"g-hr-h\">\n\t\t\t\t\t\t\t<i class=\"fa fa-star\"><\/i>\n\t\t\t\t\t\t<\/span>\n\t\t\t\t\t<\/div><\/div><\/div><div class=\"g-cols\"><div class=\"two-thirds\"><div class=\"w-tabs layout_accordion with_icon type_toggle\"><div class=\"w-tabs-h\"><div class=\"w-tabs-section\"><div class=\"w-tabs-section-title\"><span class=\"w-tabs-section-title-icon\"><\/span><span class=\"w-tabs-section-title-text\">Do I have to pay tax for my language courses?<\/span><span class=\"w-tabs-section-title-control\"><i class=\"fa fa-angle-down\"><\/i><\/span><\/div><div class=\"w-tabs-section-content\"><div class=\"w-tabs-section-content-h\">\n\t<div class=\"wpb_text_column \">\n\t\t<div class=\"wpb_wrapper\">\n\t\t\tNo, second language courses are non-taxable.\n\t\t<\/div> \n\t<\/div> <\/div><\/div><\/div><div class=\"w-tabs-section\"><div class=\"w-tabs-section-title\"><span class=\"w-tabs-section-title-icon\"><\/span><span class=\"w-tabs-section-title-text\">Do you need to have some basic knowledge of the language I want to learn?<\/span><span class=\"w-tabs-section-title-control\"><i class=\"fa fa-angle-down\"><\/i><\/span><\/div><div class=\"w-tabs-section-content\"><div class=\"w-tabs-section-content-h\">\n\t<div class=\"wpb_text_column \">\n\t\t<div class=\"wpb_wrapper\">\n\t\t\tNo, we teach clients of all language levels, from beginner to advanced.\n\t\t<\/div> \n\t<\/div> <\/div><\/div><\/div><div class=\"w-tabs-section\"><div class=\"w-tabs-section-title\"><span class=\"w-tabs-section-title-icon\"><\/span><span class=\"w-tabs-section-title-text\">What are the first steps I have to take before I take a course?<\/span><span class=\"w-tabs-section-title-control\"><i class=\"fa fa-angle-down\"><\/i><\/span><\/div><div class=\"w-tabs-section-content\"><div class=\"w-tabs-section-content-h\">\n\t<div class=\"wpb_text_column \">\n\t\t<div class=\"wpb_wrapper\">\n\t\t\tYou will be given an evaluation test in order to place you in the correct program, according to your needs. After the evaluation, you can start right away!\n\t\t<\/div> \n\t<\/div> <\/div><\/div><\/div><div class=\"w-tabs-section\"><div class=\"w-tabs-section-title\"><span class=\"w-tabs-section-title-icon\"><\/span><span class=\"w-tabs-section-title-text\">When can I take classes?<\/span><span class=\"w-tabs-section-title-control\"><i class=\"fa fa-angle-down\"><\/i><\/span><\/div><div class=\"w-tabs-section-content\"><div class=\"w-tabs-section-content-h\">\n\t<div class=\"wpb_text_column \">\n\t\t<div class=\"wpb_wrapper\">\n\t\t\tOur teachers can come to your location at any time between 8am and 8pm, from Monday Friday, and from 9am-7pm on weekends.\n\t\t<\/div> \n\t<\/div> <\/div><\/div><\/div><div class=\"w-tabs-section\"><div class=\"w-tabs-section-title\"><span class=\"w-tabs-section-title-icon\"><\/span><span class=\"w-tabs-section-title-text\">Are you open in the summer?<\/span><span class=\"w-tabs-section-title-control\"><i class=\"fa fa-angle-down\"><\/i><\/span><\/div><div class=\"w-tabs-section-content\"><div class=\"w-tabs-section-content-h\">\n\t<div class=\"wpb_text_column \">\n\t\t<div class=\"wpb_wrapper\">\n\t\t\tYes, we operate all year long.\n\t\t<\/div> \n\t<\/div> <\/div><\/div><\/div><div class=\"w-tabs-section\"><div class=\"w-tabs-section-title\"><span class=\"w-tabs-section-title-icon\"><\/span><span class=\"w-tabs-section-title-text\">Will I have homework?<\/span><span class=\"w-tabs-section-title-control\"><i class=\"fa fa-angle-down\"><\/i><\/span><\/div><div class=\"w-tabs-section-content\"><div class=\"w-tabs-section-content-h\">\n\t<div class=\"wpb_text_column \">\n\t\t<div class=\"wpb_wrapper\">\n\t\t\tYes, you can expect to be given homework after every class. Learners should expect to do about 30-60 minutes of homework for each class.\n\t\t<\/div> \n\t<\/div> <\/div><\/div><\/div><div class=\"w-tabs-section\"><div class=\"w-tabs-section-title\"><span class=\"w-tabs-section-title-icon\"><\/span><span class=\"w-tabs-section-title-text\">How big are the classes?<\/span><span class=\"w-tabs-section-title-control\"><i class=\"fa fa-angle-down\"><\/i><\/span><\/div><div class=\"w-tabs-section-content\"><div class=\"w-tabs-section-content-h\">\n\t<div class=\"wpb_text_column \">\n\t\t<div class=\"wpb_wrapper\">\n\t\t\tThe classes range from Private lessons to Group lessons (a maximum of 5 students). This can be extended at anytime according to your needs.\n\t\t<\/div> \n\t<\/div> <\/div><\/div><\/div><div class=\"w-tabs-section\"><div class=\"w-tabs-section-title\"><span class=\"w-tabs-section-title-icon\"><\/span><span class=\"w-tabs-section-title-text\">Do you offer language courses in languages other than French and English?<\/span><span class=\"w-tabs-section-title-control\"><i class=\"fa fa-angle-down\"><\/i><\/span><\/div><div class=\"w-tabs-section-content\"><div class=\"w-tabs-section-content-h\">\n\t<div class=\"wpb_text_column \">\n\t\t<div class=\"wpb_wrapper\">\n\t\t\tYes, our teachers specialize in teaching various languages.\u00a0 Let us know, and we will customize a program for you.\n\t\t<\/div> \n\t<\/div> <\/div><\/div><\/div><div class=\"w-tabs-section\"><div class=\"w-tabs-section-title\"><span class=\"w-tabs-section-title-icon\"><\/span><span class=\"w-tabs-section-title-text\">Do you teach business and professional related content and vocabulary?<\/span><span class=\"w-tabs-section-title-control\"><i class=\"fa fa-angle-down\"><\/i><\/span><\/div><div class=\"w-tabs-section-content\"><div class=\"w-tabs-section-content-h\">\n\t<div class=\"wpb_text_column \">\n\t\t<div class=\"wpb_wrapper\">\n\t\t\tYes. Our teachers can include business and professional content in your lessons. We will customize lessons according to your personal needs for your industry or field of work.\n\t\t<\/div> \n\t<\/div> <\/div><\/div><\/div><\/div><\/div><\/div><div class=\"one-third\">\n\t<div class=\"wpb_text_column \">\n\t\t<div class=\"wpb_wrapper\">\n\t\t\t\n<h4>Ne voit pas r\u00e9ponse \u00e0 votre question ici?<\/h4>\n<p>Feel free to contact us for any requests, quotes or questions via our contact information or use this handy form. We usually reply to all requests within 24-48 hours.\n\t\t<\/div> \n\t<\/div> \n\t<div class=\"wpb_text_column \">\n\t\t<div class=\"wpb_wrapper\">\n\t\t\t\n<div class=\"wpcf7 no-js\" id=\"wpcf7-f405-o1\" lang=\"en-US\" dir=\"ltr\">\n<div class=\"screen-reader-response\"><p role=\"status\" aria-live=\"polite\" aria-atomic=\"true\"><\/p> <ul><\/ul><\/div>\n<form action=\"\/fr\/wp-json\/wp\/v2\/pages\/360#wpcf7-f405-o1\" method=\"post\" class=\"wpcf7-form init\" aria-label=\"Contact form\" novalidate=\"novalidate\" data-status=\"init\">\n<div style=\"display: none;\">\n<input type=\"hidden\" name=\"_wpcf7\" value=\"405\" \/>\n<input type=\"hidden\" name=\"_wpcf7_version\" value=\"5.9.8\" \/>\n<input type=\"hidden\" name=\"_wpcf7_locale\" value=\"en_US\" \/>\n<input type=\"hidden\" name=\"_wpcf7_unit_tag\" value=\"wpcf7-f405-o1\" \/>\n<input type=\"hidden\" name=\"_wpcf7_container_post\" value=\"0\" \/>\n<input type=\"hidden\" name=\"_wpcf7_posted_data_hash\" value=\"\" \/>\n<\/div>\n<p>Votre nom *\n<\/p>\n<p><span class=\"wpcf7-form-control-wrap\" data-name=\"your-name\"><input size=\"40\" maxlength=\"400\" class=\"wpcf7-form-control wpcf7-text wpcf7-validates-as-required\" aria-required=\"true\" aria-invalid=\"false\" value=\"\" type=\"text\" name=\"your-name\" \/><\/span>\n<\/p>\n<p>Votre courriel *\n<\/p>\n<p><span class=\"wpcf7-form-control-wrap\" data-name=\"your-email\"><input size=\"40\" maxlength=\"400\" class=\"wpcf7-form-control wpcf7-email wpcf7-validates-as-required wpcf7-text wpcf7-validates-as-email\" aria-required=\"true\" aria-invalid=\"false\" value=\"\" type=\"email\" name=\"your-email\" \/><\/span>\n<\/p>\n<p>Votre num\u00e9ro de t\u00e9l\u00e9phone\n<\/p>\n<p><span class=\"wpcf7-form-control-wrap\" data-name=\"tel-979\"><input size=\"40\" maxlength=\"400\" class=\"wpcf7-form-control wpcf7-tel wpcf7-text wpcf7-validates-as-tel\" aria-invalid=\"false\" value=\"\" type=\"tel\" name=\"tel-979\" \/><\/span>\n<\/p>\n<p>Votre message (et comment vous entendu parler de nous) *\n<\/p>\n<p><span class=\"wpcf7-form-control-wrap\" data-name=\"your-message\"><textarea cols=\"40\" rows=\"10\" maxlength=\"2000\" class=\"wpcf7-form-control wpcf7-textarea wpcf7-validates-as-required\" aria-required=\"true\" aria-invalid=\"false\" name=\"your-message\"><\/textarea><\/span>\n<\/p>\n<p><input class=\"wpcf7-form-control wpcf7-submit has-spinner\" type=\"submit\" value=\"Envoyer un message\" \/>\n<\/p><p style=\"display: none !important;\" class=\"akismet-fields-container\" data-prefix=\"_wpcf7_ak_\"><label>&#916;<textarea name=\"_wpcf7_ak_hp_textarea\" cols=\"45\" rows=\"8\" maxlength=\"100\"><\/textarea><\/label><input type=\"hidden\" id=\"ak_js_1\" name=\"_wpcf7_ak_js\" value=\"129\"\/><script>document.getElementById( \"ak_js_1\" ).setAttribute( \"value\", ( new Date() ).getTime() );<\/script><\/p><div class=\"wpcf7-response-output\" aria-hidden=\"true\"><\/div>\n<\/form>\n<\/div>\n\n\t\t<\/div> \n\t<\/div> <\/div><\/div>\n<\/div><\/div>","protected":false},"excerpt":{"rendered":"F.A.Q. Do I have to pay tax for my language courses? No, second language courses are non-taxable. Do you need to have some basic knowledge of the language I want to learn? No, we teach clients of all language levels,","protected":false},"author":1,"featured_media":0,"parent":351,"menu_order":0,"comment_status":"closed","ping_status":"closed","template":"","meta":{"footnotes":""},"class_list":["post-360","page","type-page","status-publish","hentry"],"_links":{"self":[{"href":"http:\/\/www.discoverylanguage.com\/fr\/wp-json\/wp\/v2\/pages\/360","targetHints":{"allow":["GET"]}}],"collection":[{"href":"http:\/\/www.discoverylanguage.com\/fr\/wp-json\/wp\/v2\/pages"}],"about":[{"href":"http:\/\/www.discoverylanguage.com\/fr\/wp-json\/wp\/v2\/types\/page"}],"author":[{"embeddable":true,"href":"http:\/\/www.discoverylanguage.com\/fr\/wp-json\/wp\/v2\/users\/1"}],"replies":[{"embeddable":true,"href":"http:\/\/www.discoverylanguage.com\/fr\/wp-json\/wp\/v2\/comments?post=360"}],"version-history":[{"count":0,"href":"http:\/\/www.discoverylanguage.com\/fr\/wp-json\/wp\/v2\/pages\/360\/revisions"}],"up":[{"embeddable":true,"href":"http:\/\/www.discoverylanguage.com\/fr\/wp-json\/wp\/v2\/pages\/351"}],"wp:attachment":[{"href":"http:\/\/www.discoverylanguage.com\/fr\/wp-json\/wp\/v2\/media?parent=360"}],"curies":[{"name":"wp","href":"https:\/\/api.w.org\/{rel}","templated":true}]}}