{"id":357,"date":"2014-01-07T20:52:08","date_gmt":"2014-01-07T20:52:08","guid":{"rendered":"http:\/\/www.discoverylanguage.com\/?page_id=357"},"modified":"2014-01-30T18:34:55","modified_gmt":"2014-01-30T18:34:55","slug":"nos-clients","status":"publish","type":"page","link":"http:\/\/www.discoverylanguage.com\/fr\/a-propos\/nos-clients\/","title":{"rendered":"Nos clients"},"content":{"rendered":"<div class=\"l-submain\"><div class=\"l-submain-h g-html i-cf\"><div class=\"g-cols\"><div class=\"full-width\">\n\t<div class=\"wpb_text_column \">\n\t\t<div class=\"wpb_wrapper\">\n\t\t\t\n<h1><span style=\"color: #00639e;\">Nos clients<\/span><\/h1>\n\n\t\t<\/div> \n\t<\/div> \n\t<div class=\"wpb_text_column \">\n\t\t<div class=\"wpb_wrapper\">\n\t\t\t\n<h4>Discovery Language Centre aimerait vous remercier d\u2019avoir fait affaire avec nous!<\/h4>\n\n\t\t<\/div> \n\t<\/div> <div class=\"g-hr type_invisible size_small\">\n\t\t\t\t\t\t<span class=\"g-hr-h\">\n\t\t\t\t\t\t\t<i class=\"fa fa-star\"><\/i>\n\t\t\t\t\t\t<\/span>\n\t\t\t\t\t<\/div><div class=\"g-cols\"><div class=\"one-third\">\n\t<div class=\"wpb_text_column \">\n\t\t<div class=\"wpb_wrapper\">\n\t\t\t\n<ul>\n<li>Canada Revenue Agencies<\/li>\n<li>Fisheries &amp; Oceans<\/li>\n<li>Industry Canada<\/li>\n<li>RCMP<\/li>\n<li>Parks Canada<\/li>\n<li>Services Canada<\/li>\n<li>Emploi Quebec<\/li>\n<li>Acceuil Bonsecours<\/li>\n<li>Agence St\u00e9phane Morin<\/li>\n<li>Amcan,<\/li>\n<li>Amitie Soleil<\/li>\n<li>Bell Canada<\/li>\n<li>Bechtel Canada<\/li>\n<\/ul>\n\n\t\t<\/div> \n\t<\/div> <\/div><div class=\"one-third\">\n\t<div class=\"wpb_text_column \">\n\t\t<div class=\"wpb_wrapper\">\n\t\t\t\n<ul>\n<li>Canadian Cancer Society<\/li>\n<li>Carstar<\/li>\n<li>Cats in the Bag<\/li>\n<li>Centre de Crise le Transit<\/li>\n<li>Construction Ricar<\/li>\n<li>Crawford Canada<\/li>\n<li>Dofasco<\/li>\n<li>Etude Technologies Superieur (ETS)<\/li>\n<li>GNR<\/li>\n<li>Hopital General Juif<\/li>\n<li>IBM<\/li>\n<li>Imperial Tobacco<\/li>\n<li>Jewish General Hospital<\/li>\n<\/ul>\n\n\t\t<\/div> \n\t<\/div> <\/div><div class=\"one-third\">\n\t<div class=\"wpb_text_column \">\n\t\t<div class=\"wpb_wrapper\">\n\t\t\t\n<ul>\n<li>Les Ongles de L\u2019Ile<\/li>\n<li>MABE (G.E.)<\/li>\n<li>Mastodonte<\/li>\n<li>McMaster University<\/li>\n<li>MulitServ<\/li>\n<li>Sandvik<\/li>\n<li>Saudi Cultrual Bureau (Ottawa)<\/li>\n<li>Sheraton Hotel<\/li>\n<li>Siemens<\/li>\n<li>Thermecto<\/li>\n<li>WSIB\/CSST<\/li>\n<\/ul>\n\n\t\t<\/div> \n\t<\/div> <\/div><\/div><div class=\"g-hr\">\n\t\t\t\t\t\t<span class=\"g-hr-h\">\n\t\t\t\t\t\t\t<i class=\"fa fa-globe\"><\/i>\n\t\t\t\t\t\t<\/span>\n\t\t\t\t\t<\/div>\n\t<div class=\"wpb_text_column \">\n\t\t<div class=\"wpb_wrapper\">\n\t\t\t\n<h1><span style=\"color: #00639e;\">Les \u00e9tudiants internationaux<\/span><\/h1>\n\n\t\t<\/div> \n\t<\/div> \n\t<div class=\"wpb_text_column \">\n\t\t<div class=\"wpb_wrapper\">\n\t\t\t\n<h4>Nous aimerions remercier nos \u00e9tudiants internationaux des pays suivants :<\/h4>\n\n\t\t<\/div> \n\t<\/div> <div class=\"g-hr type_invisible size_small\">\n\t\t\t\t\t\t<span class=\"g-hr-h\">\n\t\t\t\t\t\t\t<i class=\"fa fa-star\"><\/i>\n\t\t\t\t\t\t<\/span>\n\t\t\t\t\t<\/div><div class=\"g-cols\"><div class=\"one-quarter\">\n\t<div class=\"wpb_text_column \">\n\t\t<div class=\"wpb_wrapper\">\n\t\t\t\n<ul>\n<li>Mexique<\/li>\n<li>Russie<\/li>\n<li>Pologne<\/li>\n<li>Iran<\/li>\n<li>Libye<\/li>\n<li>Italie<\/li>\n<li>Suisse<\/li>\n<li>El Salvador<\/li>\n<li>Cuba<\/li>\n<li>France<\/li>\n<li>Japon<\/li>\n<\/ul>\n\n\t\t<\/div> \n\t<\/div> <\/div><div class=\"one-quarter\">\n\t<div class=\"wpb_text_column \">\n\t\t<div class=\"wpb_wrapper\">\n\t\t\t\n<ul>\n<li>Taiwan<\/li>\n<li>Chine<\/li>\n<li>Cor\u00e9e<\/li>\n<li>Br\u00e9sil<\/li>\n<li>Portugal<\/li>\n<li>Laos<\/li>\n<li>Cambodge<\/li>\n<li>Bosnie<\/li>\n<li>Kosovo<\/li>\n<li>Birmanie<\/li>\n<li>et plus\u2026<\/li>\n<\/ul>\n\n\t\t<\/div> \n\t<\/div> <\/div><div class=\"one-half\"><div class=\"w-testimonial\">\n\t\t\t\t\t\t<div class=\"w-testimonial-h\">\n\t\t\t\t\t\t\t<blockquote>\n\t\t\t\t\t\t\t\t<q class=\"w-testimonial-text\">En tant qu&#8217;administrateur, l&#8217;acquisition d&#8217;une deuxi\u00e8me langue \u00e9tait indispensable. DLC m&#8217;a aid\u00e9 \u00e0 atteindre mon objectif. Les le\u00e7ons &#8220;one-on-one&#8221; ont contribu\u00e9 \u00e0 d\u00e9velopper et \u00e0 am\u00e9liorer mon fran\u00e7ais rapidement.<\/q>\n\t\t\t\t\t\t\t\t<div class=\"w-testimonial-person\">\n\t\t\t\t\t\t\t\t\t<i class=\"fa fa-user\"><\/i>\n\t\t\t\t\t\t\t\t\t<span class=\"w-testimonial-person-name\">Kris Banks<\/span>,\n\t\t\t\t\t\t\t\t\t<span class=\"w-testimonial-person-meta\"><\/span>\n\t\t\t\t\t\t\t\t<\/div>\n\t\t\t\t\t\t\t<\/blockquote>\n\t\t\t\t\t\t<\/div>\n\t\t\t\t\t<\/div><div class=\"g-hr type_invisible\">\n\t\t\t\t\t\t<span class=\"g-hr-h\">\n\t\t\t\t\t\t\t<i class=\"fa fa-star\"><\/i>\n\t\t\t\t\t\t<\/span>\n\t\t\t\t\t<\/div><div class=\"w-testimonial\">\n\t\t\t\t\t\t<div class=\"w-testimonial-h\">\n\t\t\t\t\t\t\t<blockquote>\n\t\t\t\t\t\t\t\t<q class=\"w-testimonial-text\">Les employ\u00e9es d&#8217;Amiti\u00e9 Soleil avaient besoin d&#8217;am\u00e9liorer la communication anglaise avec notre client\u00e8le en provenance de 36 pays diff\u00e9rents dans le monde. Gr\u00e2ce \u00e0 vos sp\u00e9cialistes les intervenantes s&#8217;adressent maintenant avec plus d&#8217;aisance au t\u00e9l\u00e9phone, dans les animations et lors des rencontres individuelles. Le lien de confiance se cr\u00e9e plus facilement. Merci de votre aide et de votre support!<\/q>\n\t\t\t\t\t\t\t\t<div class=\"w-testimonial-person\">\n\t\t\t\t\t\t\t\t\t<i class=\"fa fa-user\"><\/i>\n\t\t\t\t\t\t\t\t\t<span class=\"w-testimonial-person-name\">L'\u00e9quipe d'Amiti\u00e9 Soleil<\/span>,\n\t\t\t\t\t\t\t\t\t<span class=\"w-testimonial-person-meta\">Organisme communautaire familles<\/span>\n\t\t\t\t\t\t\t\t<\/div>\n\t\t\t\t\t\t\t<\/blockquote>\n\t\t\t\t\t\t<\/div>\n\t\t\t\t\t<\/div><\/div><\/div><\/div><\/div>\n<\/div><\/div>","protected":false},"excerpt":{"rendered":"Nos clients Discovery Language Centre aimerait vous remercier d\u2019avoir fait affaire avec nous! Canada Revenue Agencies Fisheries &amp; Oceans Industry Canada RCMP Parks Canada Services Canada Emploi Quebec Acceuil Bonsecours Agence St\u00e9phane Morin Amcan, Amitie Soleil Bell Canada Bechtel Canada","protected":false},"author":1,"featured_media":0,"parent":351,"menu_order":3,"comment_status":"closed","ping_status":"closed","template":"","meta":{"footnotes":""},"class_list":["post-357","page","type-page","status-publish","hentry"],"_links":{"self":[{"href":"http:\/\/www.discoverylanguage.com\/fr\/wp-json\/wp\/v2\/pages\/357","targetHints":{"allow":["GET"]}}],"collection":[{"href":"http:\/\/www.discoverylanguage.com\/fr\/wp-json\/wp\/v2\/pages"}],"about":[{"href":"http:\/\/www.discoverylanguage.com\/fr\/wp-json\/wp\/v2\/types\/page"}],"author":[{"embeddable":true,"href":"http:\/\/www.discoverylanguage.com\/fr\/wp-json\/wp\/v2\/users\/1"}],"replies":[{"embeddable":true,"href":"http:\/\/www.discoverylanguage.com\/fr\/wp-json\/wp\/v2\/comments?post=357"}],"version-history":[{"count":0,"href":"http:\/\/www.discoverylanguage.com\/fr\/wp-json\/wp\/v2\/pages\/357\/revisions"}],"up":[{"embeddable":true,"href":"http:\/\/www.discoverylanguage.com\/fr\/wp-json\/wp\/v2\/pages\/351"}],"wp:attachment":[{"href":"http:\/\/www.discoverylanguage.com\/fr\/wp-json\/wp\/v2\/media?parent=357"}],"curies":[{"name":"wp","href":"https:\/\/api.w.org\/{rel}","templated":true}]}}