{"id":351,"date":"2014-01-07T20:46:15","date_gmt":"2014-01-07T20:46:15","guid":{"rendered":"http:\/\/www.discoverylanguage.com\/?page_id=351"},"modified":"2014-01-30T16:14:23","modified_gmt":"2014-01-30T16:14:23","slug":"a-propos","status":"publish","type":"page","link":"http:\/\/www.discoverylanguage.com\/fr\/a-propos\/","title":{"rendered":"\u00c0 Propos"},"content":{"rendered":"<div class=\"l-submain\"><div class=\"l-submain-h g-html i-cf\"><div class=\"g-cols\"><div class=\"full-width\">\n\t<div class=\"wpb_text_column \">\n\t\t<div class=\"wpb_wrapper\">\n\t\t\t\n<h1><span style=\"color: #00639e;\">Faites la diff\u00e9rence avec DLC<\/span><\/h1>\n\n\t\t<\/div> \n\t<\/div> <div class=\"g-hr type_invisible size_small\">\n\t\t\t\t\t\t<span class=\"g-hr-h\">\n\t\t\t\t\t\t\t<i class=\"fa fa-star-o\"><\/i>\n\t\t\t\t\t\t<\/span>\n\t\t\t\t\t<\/div><div class=\"g-cols\"><div class=\"one-half\">\n\t<div class=\"wpb_text_column \">\n\t\t<div class=\"wpb_wrapper\">\n\t\t\t\n<h2 style=\"padding: 0 30px;\"><span style=\"color: #5ea8d7;\">&#8220;En tant qu\u2019enseignants, nous comprenons que les \u00e9tudiants ont des besoins sp\u00e9cifiques et qu\u2019une approche linguistique globale n\u2019est pas toujours la mieux adapt\u00e9e.&#8221;<\/span><\/h2>\n\n\t\t<\/div> \n\t<\/div> <\/div><div class=\"one-half\">\n\t<div class=\"wpb_text_column \">\n\t\t<div class=\"wpb_wrapper\">\n\t\t\t\n<h4>Au DLC, nous offrons des cours de langue sur mesure, adapt\u00e9s aux besoins de nos clients :<\/h4>\n\n\t\t<\/div> \n\t<\/div> <div class=\"g-hr type_invisible size_small\">\n\t\t\t\t\t\t<span class=\"g-hr-h\">\n\t\t\t\t\t\t\t<i class=\"fa fa-star\"><\/i>\n\t\t\t\t\t\t<\/span>\n\t\t\t\t\t<\/div>\n\t<div class=\"wpb_text_column \">\n\t\t<div class=\"wpb_wrapper\">\n\t\t\t\n<ul>\n<li>Sur le site, en ligne et au t\u00e9l\u00e9phone<\/li>\n<li>Avec des horaires flexibles<\/li>\n<li>Des programmes de cours adapt\u00e9s aux besoins sp\u00e9cifiques du client<\/li>\n<li>Avec des \u00e9valuations personnalis\u00e9es r\u00e9guli\u00e8res pour suivre les progr\u00e8s du client<\/li>\n<li>Cours de langue prenant en compte le vocabulaire sp\u00e9cifique de l&#8217;entreprise et de la<br \/>\nprofession<\/li>\n<\/ul>\n\n\t\t<\/div> \n\t<\/div> <\/div><\/div><div class=\"g-hr type_invisible\">\n\t\t\t\t\t\t<span class=\"g-hr-h\">\n\t\t\t\t\t\t\t<i class=\"fa fa-star\"><\/i>\n\t\t\t\t\t\t<\/span>\n\t\t\t\t\t<\/div><div class=\"w-actionbox color_primary controls_aside\"><div class=\"w-actionbox-h\"><div class=\"w-actionbox-text\"><h3>Permettez-nous de vous aider \u00e0 atteindre vos buts en mati\u00e8re de langue et de communication!<\/h3><p>Appelez-nous au 514 585 3814 ou au : 1.866.413.2002. Par courriel : info@discoverylanguage.com<\/p><\/div><div class=\"w-actionbox-controls at_right\"><a class=\"w-actionbox-button g-btn size_big type_primary\" href=\"http:\/\/www.discoverylanguage.com\/contact-us\/\"><span>Contactez-nous aujourd'hui<\/span><\/a><\/div><\/div><\/div><\/div><\/div>\n<\/div><\/div>","protected":false},"excerpt":{"rendered":"Faites la diff\u00e9rence avec DLC \"En tant qu\u2019enseignants, nous comprenons que les \u00e9tudiants ont des besoins sp\u00e9cifiques et qu\u2019une approche linguistique globale n\u2019est pas toujours la mieux adapt\u00e9e.\" Au DLC, nous offrons des cours de langue sur mesure, adapt\u00e9s aux","protected":false},"author":1,"featured_media":0,"parent":0,"menu_order":3,"comment_status":"closed","ping_status":"closed","template":"","meta":{"footnotes":""},"class_list":["post-351","page","type-page","status-publish","hentry"],"_links":{"self":[{"href":"http:\/\/www.discoverylanguage.com\/fr\/wp-json\/wp\/v2\/pages\/351","targetHints":{"allow":["GET"]}}],"collection":[{"href":"http:\/\/www.discoverylanguage.com\/fr\/wp-json\/wp\/v2\/pages"}],"about":[{"href":"http:\/\/www.discoverylanguage.com\/fr\/wp-json\/wp\/v2\/types\/page"}],"author":[{"embeddable":true,"href":"http:\/\/www.discoverylanguage.com\/fr\/wp-json\/wp\/v2\/users\/1"}],"replies":[{"embeddable":true,"href":"http:\/\/www.discoverylanguage.com\/fr\/wp-json\/wp\/v2\/comments?post=351"}],"version-history":[{"count":0,"href":"http:\/\/www.discoverylanguage.com\/fr\/wp-json\/wp\/v2\/pages\/351\/revisions"}],"wp:attachment":[{"href":"http:\/\/www.discoverylanguage.com\/fr\/wp-json\/wp\/v2\/media?parent=351"}],"curies":[{"name":"wp","href":"https:\/\/api.w.org\/{rel}","templated":true}]}}