{"id":329,"date":"2014-01-07T19:34:14","date_gmt":"2014-01-07T19:34:14","guid":{"rendered":"http:\/\/www.discoverylanguage.com\/?page_id=329"},"modified":"2020-10-27T16:47:31","modified_gmt":"2020-10-27T20:47:31","slug":"cours","status":"publish","type":"page","link":"http:\/\/www.discoverylanguage.com\/fr\/cours\/","title":{"rendered":"Cours"},"content":{"rendered":"<div class=\"l-submain\"><div class=\"l-submain-h g-html i-cf\"><div class=\"g-cols\"><div class=\"full-width\">\n\t<div class=\"wpb_text_column \">\n\t\t<div class=\"wpb_wrapper\">\n\t\t\t\n<h1><span style=\"color: #00639e;\">Cours de langues. <\/span><span style=\"color: #00639e;\">Anglais et fran\u00e7ais<br \/>\n<\/span><\/h1>\n\n\t\t<\/div> \n\t<\/div> <div class=\"g-hr type_invisible size_small\">\n\t\t\t\t\t\t<span class=\"g-hr-h\">\n\t\t\t\t\t\t\t<i class=\"fa fa-star\"><\/i>\n\t\t\t\t\t\t<\/span>\n\t\t\t\t\t<\/div><div class=\"g-cols\"><div class=\"one-half\">\n\t<div class=\"wpb_text_column \">\n\t\t<div class=\"wpb_wrapper\">\n\t\t\tChez DLC, nous reconnaissons le besoin des individus \u00e0 d\u00e9velopper leurs comp\u00e9tences linguistiques et \u00a0\u00a0l\u2019importance de\u00a0 pratiquer la conversation orale (anglais, fran\u00e7ais, espagnol et plus &#8230;) \u00a0Dans un environnement multiculturel, apprendre une nouvelle langue est la cl\u00e9 pour r\u00e9ussir. En outre, dans un monde globalis\u00e9, les comp\u00e9tences linguistiques contribuent \u00e0 renforcer la confiance, \u00e0 d\u00e9velopper des relations et combler les lacunes de communication.\n\t\t<\/div> \n\t<\/div> <div class=\"g-hr type_invisible size_small\">\n\t\t\t\t\t\t<span class=\"g-hr-h\">\n\t\t\t\t\t\t\t<i class=\"fa fa-star\"><\/i>\n\t\t\t\t\t\t<\/span>\n\t\t\t\t\t<\/div>\n\t<div class=\"wpb_text_column \">\n\t\t<div class=\"wpb_wrapper\">\n\t\t\t\n<h4>DLC offre des cours en groupes sur mesure ou des cours priv\u00e9s pour les personnes qui souhaitent am\u00e9liorer leurs comp\u00e9tences linguistiques.<\/h4>\n\n\t\t<\/div> \n\t<\/div> <\/div><div class=\"one-half\"><div class=\"w-actionbox color_alternate\"><div class=\"w-actionbox-h\"><div class=\"w-actionbox-text\"><h3>Commen\u00e7ons.<\/h3><p>Contactez-nous d\u00e8s aujourd'hui pour en savoir plus sur notre gamme exceptionnelle de cours de haut niveau.<\/p><\/div><div class=\"w-actionbox-controls\"><a class=\"w-actionbox-button g-btn size_big type_default\" href=\"http:\/\/www.discoverylanguage.com\/contact-us\/\"><span>Contactez-nous aujourd'hui.<\/span><\/a><\/div><\/div><\/div><\/div><\/div><div class=\"g-hr\">\n\t\t\t\t\t\t<span class=\"g-hr-h\">\n\t\t\t\t\t\t\t<i class=\"fa fa-book\"><\/i>\n\t\t\t\t\t\t<\/span>\n\t\t\t\t\t<\/div><div class=\"w-iconbox icon_left\">\n\t\t\t\t\t\t<div class=\"w-iconbox-h\">\n\t\t\t\t\t\t\t<div class=\"w-iconbox-icon\">\n\t\t\t\t\t\t\t\t<i class=\"fa fa-book\"><\/i>\t\t\t<\/div>\n\t\t\t\t\t\t\t<div class=\"w-iconbox-text\">\n\t\t\t\t\t\t\t\t<h3 class=\"w-iconbox-text-title\"><\/h3>\n\t\t\t\t\t\t\t\t<div class=\"w-iconbox-text-description\">Tous nos cours commencent par un test d&#8217;\u00e9valuation linguistique afin d&#8217;\u00e9valuer correctement les besoins de nos clients et d\u2019\u00e9tablir un programme personnalis\u00e9. Les clients re\u00e7oivent les objectifs du cours afin de r\u00e9pondre aux crit\u00e8res de la progression de leur apprentissage.<\/div>\n\t\t\t\t\t\t\t\t\n\t\t\t\t\t\t\t<\/div>\n\t\t\t\t\t\t<\/div>\n\t\t\t\t\t<\/div><div class=\"g-hr type_invisible\">\n\t\t\t\t\t\t<span class=\"g-hr-h\">\n\t\t\t\t\t\t\t<i class=\"fa fa-star\"><\/i>\n\t\t\t\t\t\t<\/span>\n\t\t\t\t\t<\/div>\n\t<div class=\"wpb_text_column \">\n\t\t<div class=\"wpb_wrapper\">\n\t\t\t\n<h5>Nos cours comprennent, mais ne sont pas limit\u00e9s \u00e0 :<\/h5>\n\n\t\t<\/div> \n\t<\/div> <div class=\"g-hr type_invisible size_small\">\n\t\t\t\t\t\t<span class=\"g-hr-h\">\n\t\t\t\t\t\t\t<i class=\"fa fa-star\"><\/i>\n\t\t\t\t\t\t<\/span>\n\t\t\t\t\t<\/div><div class=\"g-cols\"><div class=\"one-half\">\n\t<div class=\"wpb_text_column \">\n\t\t<div class=\"wpb_wrapper\">\n\t\t\t\n<ul>\n<li>Conversation anglaise<\/li>\n<li>\u00c9criture en anglais et grammaire<\/li>\n<li>Formation compl\u00e8te en langue anglaise<\/li>\n<li>Conversation fran\u00e7aise<\/li>\n<li>Fran\u00e7ais \u00e9crit et grammaire<\/li>\n<li>Formation compl\u00e8te en langue fran\u00e7aise<\/li>\n<\/ul>\n\n\t\t<\/div> \n\t<\/div> <\/div><div class=\"one-half\">\n\t<div class=\"wpb_text_column \">\n\t\t<div class=\"wpb_wrapper\">\n\t\t\t\n<ul>\n<li>Communication commerciale en anglais et en fran\u00e7ais<\/li>\n<li>Cours de pr\u00e9paration pour entrevue d&#8217;emploi<\/li>\n<li>Cours de conversation de groupe<\/li>\n<li>Cours en groupe<\/li>\n<li>Cours priv\u00e9s<\/li>\n<li>Cours de langue sp\u00e9cialis\u00e9s<\/li>\n<\/ul>\n\n\t\t<\/div> \n\t<\/div> <\/div><\/div><\/div><\/div><div class=\"g-cols\"><div class=\"full-width\"><div class=\"g-hr type_invisible size_big\">\n\t\t\t\t\t\t<span class=\"g-hr-h\">\n\t\t\t\t\t\t\t<i class=\"fa fa-star\"><\/i>\n\t\t\t\t\t\t<\/span>\n\t\t\t\t\t<\/div><div class=\"w-actionbox color_primary controls_aside\"><div class=\"w-actionbox-h\"><div class=\"w-actionbox-text\"><h3>Ne laissez pas vos comp\u00e9tences linguistiques vous emp\u00eacher d\u2019aller de l\u2019avant!<\/h3><p>Appelez-nous au 514 585 3814 ou au : 1.866.413.2002.<br \/>\nPar courriel : info@discoverylanguage.com.<br \/>\n<\/p><\/div><div class=\"w-actionbox-controls at_right\"><a class=\"w-actionbox-button g-btn size_big type_primary\" href=\"http:\/\/www.discoverylanguage.com\/contact-us\/\"><span>CONTACTEZ-NOUS AUJOURD'HUI<\/span><\/a><\/div><\/div><\/div><\/div><\/div>\n<\/div><\/div>","protected":false},"excerpt":{"rendered":"Cours de langues. Anglais et fran\u00e7ais Chez DLC, nous reconnaissons le besoin des individus \u00e0 d\u00e9velopper leurs comp\u00e9tences linguistiques et \u00a0\u00a0l\u2019importance de\u00a0 pratiquer la conversation orale (anglais, fran\u00e7ais, espagnol et plus ...) \u00a0Dans un environnement multiculturel, apprendre une nouvelle langue","protected":false},"author":1,"featured_media":0,"parent":0,"menu_order":3,"comment_status":"closed","ping_status":"closed","template":"","meta":{"footnotes":""},"class_list":["post-329","page","type-page","status-publish","hentry"],"_links":{"self":[{"href":"http:\/\/www.discoverylanguage.com\/fr\/wp-json\/wp\/v2\/pages\/329","targetHints":{"allow":["GET"]}}],"collection":[{"href":"http:\/\/www.discoverylanguage.com\/fr\/wp-json\/wp\/v2\/pages"}],"about":[{"href":"http:\/\/www.discoverylanguage.com\/fr\/wp-json\/wp\/v2\/types\/page"}],"author":[{"embeddable":true,"href":"http:\/\/www.discoverylanguage.com\/fr\/wp-json\/wp\/v2\/users\/1"}],"replies":[{"embeddable":true,"href":"http:\/\/www.discoverylanguage.com\/fr\/wp-json\/wp\/v2\/comments?post=329"}],"version-history":[{"count":4,"href":"http:\/\/www.discoverylanguage.com\/fr\/wp-json\/wp\/v2\/pages\/329\/revisions"}],"predecessor-version":[{"id":856,"href":"http:\/\/www.discoverylanguage.com\/fr\/wp-json\/wp\/v2\/pages\/329\/revisions\/856"}],"wp:attachment":[{"href":"http:\/\/www.discoverylanguage.com\/fr\/wp-json\/wp\/v2\/media?parent=329"}],"curies":[{"name":"wp","href":"https:\/\/api.w.org\/{rel}","templated":true}]}}