{"id":325,"date":"2014-01-07T19:31:19","date_gmt":"2014-01-07T19:31:19","guid":{"rendered":"http:\/\/www.discoverylanguage.com\/?page_id=325"},"modified":"2020-10-27T16:55:22","modified_gmt":"2020-10-27T20:55:22","slug":"services-fr","status":"publish","type":"page","link":"http:\/\/www.discoverylanguage.com\/fr\/services-fr\/","title":{"rendered":"Services"},"content":{"rendered":"<div class=\"l-submain\"><div class=\"l-submain-h g-html i-cf\"><div class=\"g-cols\"><div class=\"full-width\">\n\t<div class=\"wpb_text_column \">\n\t\t<div class=\"wpb_wrapper\">\n\t\t\t\n<h1><span style=\"color: #00639e;\">Cours de langue pour entreprises<\/span><\/h1>\n\n\t\t<\/div> \n\t<\/div> <div class=\"g-hr type_invisible size_small\">\n\t\t\t\t\t\t<span class=\"g-hr-h\">\n\t\t\t\t\t\t\t<i class=\"fa fa-star\"><\/i>\n\t\t\t\t\t\t<\/span>\n\t\t\t\t\t<\/div><\/div><\/div><div class=\"g-cols\"><div class=\"one-half\">\n\t<div class=\"wpb_text_column \">\n\t\t<div class=\"wpb_wrapper\">\n\t\t\tDLC a acquis une excellente r\u00e9putation aupr\u00e8s de nombreux clients d\u2019entreprise.<\/p>\n<p>Nous aidons nos divers clients \u00e0 d\u00e9velopper leurs comp\u00e9tences linguistiques et de communication afin de les rendre plus comp\u00e9titifs dans un monde d\u2019\u00e9conomie mondiale.\n\t\t<\/div> \n\t<\/div> <div class=\"g-hr type_invisible\">\n\t\t\t\t\t\t<span class=\"g-hr-h\">\n\t\t\t\t\t\t\t<i class=\"fa fa-star\"><\/i>\n\t\t\t\t\t\t<\/span>\n\t\t\t\t\t<\/div>\n\t<div class=\"wpb_text_column \">\n\t\t<div class=\"wpb_wrapper\">\n\t\t\tAdapt\u00e9s aux besoins des professionnels, nous offrons des cours hebdomadaires,\u00a0bi-hebdomadaires ou intensifs, selon les disponibilit\u00e9s du client.<\/p>\n<p>Nos options de planification flexibles permettent \u00e0 nos clients d&#8217;apprendre une nouvelle langue ou am\u00e9liorer les comp\u00e9tences linguistiques d\u00e9j\u00e0 existantes, tout en respectant les exigences de leur carri\u00e8re professionnelles.\n\t\t<\/div> \n\t<\/div> <\/div><div class=\"one-half\">\n\t<div class=\"wpb_text_column \">\n\t\t<div class=\"wpb_wrapper\">\n\t\t\t\n<h4>Quelques avantages de la formation linguistique pour les entreprises:<\/h4>\n\n\t\t<\/div> \n\t<\/div> \n\t<div class=\"wpb_text_column \">\n\t\t<div class=\"wpb_wrapper\">\n\t\t\t\n<ul>\n<li>Renforce la confiance et le moral des employ\u00e9s<\/li>\n<li>Permet d\u2019\u00eatre concurrentiel dans une \u00e9conomie mondiale<\/li>\n<li>Diminution des malentendus en communication<\/li>\n<li>Augmentation de la productivit\u00e9 en r\u00e9duisant les barri\u00e8res linguistiques!<\/li>\n<\/ul>\n\n\t\t<\/div> \n\t<\/div> <div class=\"wpb_button align_left\"><a href=\"http:\/\/www.discoverylanguage.com\/contact-us\/\" class=\"g-btn type_default\"><span><i class=\"fa fa-phone-square\"><\/i>Contactez-nous aujourd'hui<\/span><\/a><\/div>\n<\/div><\/div><div class=\"g-cols\"><div class=\"full-width\"><div class=\"g-hr size_small\">\n\t\t\t\t\t\t<span class=\"g-hr-h\">\n\t\t\t\t\t\t\t<i class=\"fa fa-paperclip\"><\/i>\n\t\t\t\t\t\t<\/span>\n\t\t\t\t\t<\/div><div class=\"g-hr type_invisible size_small\">\n\t\t\t\t\t\t<span class=\"g-hr-h\">\n\t\t\t\t\t\t\t<i class=\"fa fa-star\"><\/i>\n\t\t\t\t\t\t<\/span>\n\t\t\t\t\t<\/div><\/div><\/div><div class=\"g-cols\"><div class=\"two-thirds\">\n\t<div class=\"wpb_text_column \">\n\t\t<div class=\"wpb_wrapper\">\n\t\t\t\n<h3>\u2028Cours de langue pour les employ\u00e9s du gouvernement<\/h3>\n\n\t\t<\/div> \n\t<\/div> <div class=\"g-hr type_invisible size_small\">\n\t\t\t\t\t\t<span class=\"g-hr-h\">\n\t\t\t\t\t\t\t<i class=\"fa fa-plus-square\"><\/i>\n\t\t\t\t\t\t<\/span>\n\t\t\t\t\t<\/div>\n\t<div class=\"wpb_text_column \">\n\t\t<div class=\"wpb_wrapper\">\n\t\t\t\u00c0 DLC, nous comprenons l\u2019avantage concurrentiel que les comp\u00e9tences linguistiques offrent dans le monde gouvernemental. Nos instructeurs travaillent avec des clients en fonction au gouvernement afin de leur permettre d\u2019obtenir le niveau d\u2019anglais et de fran\u00e7ais requis pour leur avancement. Nous pr\u00e9parons les employ\u00e9s du gouvernement \u00e0 r\u00e9pondre aux exigences des tests de langue officielle du gouvernement (niveaux A, B et C).\n\t\t<\/div> \n\t<\/div> <\/div><div class=\"one-third\">\n\t<div class=\"wpb_text_column \">\n\t\t<div class=\"wpb_wrapper\">\n\t\t\t\n<p><a title=\"two businessmen shaking hands\" href=\"http:\/\/www.flickr.com\/photos\/48450255@N08\/5188623575\/\" target=\"_blank\" rel=\"noopener noreferrer\"><img decoding=\"async\" title=\"two businessmen shaking hands\" src=\"http:\/\/farm2.staticflickr.com\/1016\/5188623575_f24d37b3d9.jpg\" alt=\"two businessmen shaking hands\" \/><\/a><span style=\"color: #ffffff;\"><small> <a title=\"Wirawat Lian-udom\" href=\"http:\/\/www.flickr.com\/photos\/48450255@N08\/5188623575\/\" target=\"_blank\" rel=\"noopener noreferrer\"><span style=\"color: #ffffff;\">Wirawat Lian-udom<\/span><\/a> via <a title=\"Compfight\" href=\"http:\/\/www.compfight.com\/\"><span style=\"color: #ffffff;\">Compfight<\/span><\/a><\/small><\/span><\/p>\n\n\t\t<\/div> \n\t<\/div> <\/div><\/div><div class=\"g-cols\"><div class=\"full-width\">\n\t<div class=\"wpb_text_column \">\n\t\t<div class=\"wpb_wrapper\">\n\t\t\t\n[table id=1 \/]\n\n\t\t<\/div> \n\t<\/div> <\/div><\/div><div class=\"g-cols\"><div class=\"full-width\"><div class=\"g-hr size_small\">\n\t\t\t\t\t\t<span class=\"g-hr-h\">\n\t\t\t\t\t\t\t<i class=\"fa fa-suitcase\"><\/i>\n\t\t\t\t\t\t<\/span>\n\t\t\t\t\t<\/div><div class=\"g-hr type_invisible size_small\">\n\t\t\t\t\t\t<span class=\"g-hr-h\">\n\t\t\t\t\t\t\t<i class=\"fa fa-star\"><\/i>\n\t\t\t\t\t\t<\/span>\n\t\t\t\t\t<\/div><\/div><\/div><div class=\"g-cols\"><div class=\"one-third\">\n\t<div class=\"wpb_text_column \">\n\t\t<div class=\"wpb_wrapper\">\n\t\t\t\n<p><a title=\"how to get adderall\" href=\"http:\/\/www.flickr.com\/photos\/92316991@N08\/8557144686\/\" target=\"_blank\" rel=\"noopener noreferrer\"><img decoding=\"async\" title=\"how to get adderall\" src=\"http:\/\/farm9.staticflickr.com\/8225\/8557144686_2afc6564b0.jpg\" alt=\"how to get adderall\" \/><\/a><span style=\"color: #ffffff;\"><small><a title=\"Attribution License\" href=\"http:\/\/creativecommons.org\/licenses\/by\/2.0\/\" target=\"_blank\" rel=\"noopener noreferrer\"><span style=\"color: #ffffff;\"><img decoding=\"async\" style=\"margin: 0; padding: 0;\" title=\"Creative Commons License\" src=\"http:\/\/www.discoverylanguage.com\/wp-content\/plugins\/compfight\/images\/cc.png\" alt=\"Creative Commons License\" width=\"16\" height=\"16\" border=\"0\" \/><\/span><\/a> <a title=\"Life Mental Health\" href=\"http:\/\/www.flickr.com\/photos\/92316991@N08\/8557144686\/\" target=\"_blank\" rel=\"noopener noreferrer\"><span style=\"color: #ffffff;\">Life Mental Health<\/span><\/a> via <a title=\"Compfight\" href=\"http:\/\/www.compfight.com\/\"><span style=\"color: #ffffff;\">Compfight<\/span><\/a><\/small><\/span><\/p>\n\n\t\t<\/div> \n\t<\/div> <\/div><div class=\"two-thirds\">\n\t<div class=\"wpb_text_column \">\n\t\t<div class=\"wpb_wrapper\">\n\t\t\t\n<h3>Formation linguistique pour les professionnels de la sant\u00e9<\/h3>\n\n\t\t<\/div> \n\t<\/div> <div class=\"g-hr type_invisible size_small\">\n\t\t\t\t\t\t<span class=\"g-hr-h\">\n\t\t\t\t\t\t\t<i class=\"fa fa-plus-square\"><\/i>\n\t\t\t\t\t\t<\/span>\n\t\t\t\t\t<\/div>\n\t<div class=\"wpb_text_column \">\n\t\t<div class=\"wpb_wrapper\">\n\t\t\tPour r\u00e9pondre \u00e0 la demande croissante de formation linguistique pour les travailleurs en soins de sant\u00e9 et au d\u00e9veloppement communautaire et des services sociaux, DLC offre des cours de langue m\u00e9dicale que vous pouvez prendre en ligne ou en personne. Ces cours comportent des exercices et des sc\u00e9narios linguistiques pratiques qui utilisent le vocabulaire de la sant\u00e9 en mettant l\u2019accent sur la terminologie m\u00e9dicale.\n\t\t<\/div> \n\t<\/div> <\/div><\/div><div class=\"g-cols\"><div class=\"full-width\"><div class=\"g-hr type_invisible size_big\">\n\t\t\t\t\t\t<span class=\"g-hr-h\">\n\t\t\t\t\t\t\t<i class=\"fa fa-star\"><\/i>\n\t\t\t\t\t\t<\/span>\n\t\t\t\t\t<\/div><div class=\"w-actionbox color_primary controls_aside\"><div class=\"w-actionbox-h\"><div class=\"w-actionbox-text\"><h3>Permettez-nous de vous aider \u00e0 atteindre vos buts en mati\u00e8re de langue et de communication!<\/h3><p>Appelez-nous au 514 585 3814 ou au : 1.866.413.2002.<br \/>\nPar courriel : info@discoverylanguage.com.<\/p><\/div><div class=\"w-actionbox-controls at_right\"><a class=\"w-actionbox-button g-btn size_big type_primary\" href=\"http:\/\/www.discoverylanguage.com\/contact-us\/\"><span>Contactez-Nous Aujourd'hui<\/span><\/a><\/div><\/div><\/div><\/div><\/div>\n<\/div><\/div>","protected":false},"excerpt":{"rendered":"Cours de langue pour entreprises DLC a acquis une excellente r\u00e9putation aupr\u00e8s de nombreux clients d\u2019entreprise. Nous aidons nos divers clients \u00e0 d\u00e9velopper leurs comp\u00e9tences linguistiques et de communication afin de les rendre plus comp\u00e9titifs dans un monde d\u2019\u00e9conomie mondiale.","protected":false},"author":1,"featured_media":0,"parent":0,"menu_order":2,"comment_status":"closed","ping_status":"closed","template":"","meta":{"footnotes":""},"class_list":["post-325","page","type-page","status-publish","hentry"],"_links":{"self":[{"href":"http:\/\/www.discoverylanguage.com\/fr\/wp-json\/wp\/v2\/pages\/325","targetHints":{"allow":["GET"]}}],"collection":[{"href":"http:\/\/www.discoverylanguage.com\/fr\/wp-json\/wp\/v2\/pages"}],"about":[{"href":"http:\/\/www.discoverylanguage.com\/fr\/wp-json\/wp\/v2\/types\/page"}],"author":[{"embeddable":true,"href":"http:\/\/www.discoverylanguage.com\/fr\/wp-json\/wp\/v2\/users\/1"}],"replies":[{"embeddable":true,"href":"http:\/\/www.discoverylanguage.com\/fr\/wp-json\/wp\/v2\/comments?post=325"}],"version-history":[{"count":1,"href":"http:\/\/www.discoverylanguage.com\/fr\/wp-json\/wp\/v2\/pages\/325\/revisions"}],"predecessor-version":[{"id":859,"href":"http:\/\/www.discoverylanguage.com\/fr\/wp-json\/wp\/v2\/pages\/325\/revisions\/859"}],"wp:attachment":[{"href":"http:\/\/www.discoverylanguage.com\/fr\/wp-json\/wp\/v2\/media?parent=325"}],"curies":[{"name":"wp","href":"https:\/\/api.w.org\/{rel}","templated":true}]}}